{"id":2548,"date":"2023-10-25T13:19:29","date_gmt":"2023-10-25T11:19:29","guid":{"rendered":"https:\/\/monarchio.com\/zasady-pouzivania-suborov-cookie\/"},"modified":"2024-09-05T10:55:09","modified_gmt":"2024-09-05T08:55:09","slug":"zasady-pouzivania-suborov-cookie","status":"publish","type":"page","link":"https:\/\/monarchio.com\/sk\/zasady-pouzivania-suborov-cookie\/","title":{"rendered":"Z\u00e1sady pou\u017e\u00edvania s\u00faborov cookie"},"content":{"rendered":"\t\t<div data-elementor-type=\"wp-page\" data-elementor-id=\"2548\" class=\"elementor elementor-2548 elementor-26\" data-elementor-post-type=\"page\">\n\t\t\t\t<div class=\"elementor-element elementor-element-31adc015 e-flex e-con-boxed e-con e-parent\" data-id=\"31adc015\" data-element_type=\"container\">\n\t\t\t\t\t<div class=\"e-con-inner\">\n\t\t\t\t\t<\/div>\n\t\t\t\t<\/div>\n\t\t<div class=\"elementor-element elementor-element-5ab5b9e9 e-flex e-con-boxed e-con e-child\" data-id=\"5ab5b9e9\" data-element_type=\"container\">\n\t\t\t\t\t<div class=\"e-con-inner\">\n\t\t\t\t<div class=\"elementor-element elementor-element-8863c elementor-widget elementor-widget-text-editor\" data-id=\"8863c\" data-element_type=\"widget\" data-widget_type=\"text-editor.default\">\n\t\t\t\t<div class=\"elementor-widget-container\">\n\t\t\t\t\t\t\t\t\t<h5>\u010co s\u00fa cookies, pixely a na \u010do ich potrebujeme?<\/h5>\n<p>Rovnako ako mnoho in\u00fdch spolo\u010dnost\u00ed poskytuj\u00facich slu\u017eby na internete, aj my pou\u017e\u00edvame cookies, pixely a in\u00e9 technol\u00f3gie. V tejto \u010dasti sa dozviete ako funguj\u00fa a na \u010do ich potrebujeme.<br \/>Cookies s\u00fa mal\u00e9 \u010diastky \u00fadajov, ktor\u00e9 sa ukladaj\u00fa vo va\u0161om prehliada\u010di alebo mobilnom zariaden\u00ed po\u010das prehliadania webov\u00fdch str\u00e1nok. Pixely s\u00fa mal\u00e9 obr\u00e1zky alebo \u201e\u00fatr\u017eky k\u00f3du\u201c na webovej str\u00e1nke alebo v e-maile, ktor\u00e9 zhroma\u017e\u010fuj\u00fa inform\u00e1cie o va\u0161om prehliada\u010di alebo mobilnom zariaden\u00ed, a niektor\u00e9 z nich m\u00f4\u017eu tie\u017e uklada\u0165 cookies.<\/p>\n<p>Jednotliv\u00e9 cookies maj\u00fa r\u00f4zne \u201e\u017eivotnos\u0165\u201c \u2013 r\u00f4zne \u010dasov\u00e9 obdobia kedy s\u00fa ulo\u017een\u00e9 vo va\u0161om zariaden\u00ed. Niektor\u00e9 cookies s\u00fa z v\u00e1\u0161ho zariadenia odstr\u00e1nen\u00e9 po zatvoren\u00ed okna prehliada\u010da (rela\u010dn\u00fd cookie), zatia\u013e \u010do in\u00e9 zost\u00e1vaj\u00fa ulo\u017een\u00e9 na va\u0161om zariaden\u00ed aj po skon\u010den\u00ed prehliadania na\u0161ich webov\u00fdch str\u00e1nok (trval\u00fd cookie).<\/p>\n<h5>Pre\u010do pou\u017e\u00edvame cookies?<\/h5>\n<p>Cookies n\u00e1m umo\u017e\u0148uj\u00fa zapam\u00e4ta\u0165 si va\u0161e akcie a preferencie (napr\u00edklad prihlasovacie \u00fadaje, \u00fadaje o objedn\u00e1vke v n\u00e1kupnom ko\u0161\u00edku) po\u010das ur\u010dit\u00e9ho obdobia, tak\u017ee ich nemus\u00edte opakovane zad\u00e1va\u0165 pri ka\u017edom n\u00e1vrate na webov\u00fa str\u00e1nku alebo prechode z jednej str\u00e1nky na druh\u00fa.<\/p>\n<p>Cookies n\u00e1m tie\u017e pom\u00e1haj\u00fa pochopi\u0165, \u010do v\u00e1s na na\u0161ej webovej str\u00e1nke zauj\u00edma, \u010di je pre v\u00e1s dostato\u010dne jasn\u00e1 a \u010di n\u00e1jdete, \u010do h\u013ead\u00e1te. Cookies pou\u017e\u00edvame na zlep\u0161enie z\u00e1\u017eitku na\u0161\u00edch u\u017e\u00edvate\u013eov. Cookies m\u00f4\u017eu tie\u017e zaznamen\u00e1va\u0165 \u010fal\u0161ie inform\u00e1cie, ako je po\u010det n\u00e1v\u0161tevn\u00edkov na\u0161ich webov\u00fdch str\u00e1nok a ktor\u00e9 podstr\u00e1nky na\u0161ej webovej str\u00e1nky s\u00fa nav\u0161tevovan\u00e9 naj\u010dastej\u0161ie. Pou\u017e\u00edvaj\u00fa sa tie\u017e na zobrazovanie rekl\u00e1m a obsahu relevantn\u00e9ho pre va\u0161e z\u00e1ujmy a potreby.<\/p>\n<h5>Ak\u00e9 cookies pou\u017e\u00edvame?<\/h5>\n<p>Funk\u010dn\u00e9 a technick\u00e9 cookies \u2013 tieto cookies zabezpe\u010duj\u00fa spr\u00e1vne fungovanie na\u0161ej webovej str\u00e1nky, ako je prihlasovanie do u\u017e\u00edvate\u013esk\u00e9ho \u00fa\u010dtu na str\u00e1nke, ukladanie polo\u017eiek v n\u00e1kupnom ko\u0161\u00edku alebo detekcia neopr\u00e1vnen\u00fdch pokusov o prihl\u00e1senie do \u00fa\u010dtu. Tieto cookies s\u00fa nevyhnutn\u00e9 pre spr\u00e1vne fungovanie na\u0161ej webovej str\u00e1nky a na ich ukladanie a pr\u00edstup k nim nepo\u017eadujeme v\u00e1\u0161 s\u00fahlas. Do tejto kateg\u00f3rie patria aj cookies, ktor\u00e9 n\u00e1m umo\u017e\u0148uj\u00fa uchova\u0165 obsah v\u00e1\u0161ho ko\u0161\u00edka aj bez prihl\u00e1senia.<\/p>\n<p>Analytick\u00e9 cookies \u2013 tieto cookies sa pou\u017e\u00edvaj\u00fa na z\u00edskavanie \u00fadajov o n\u00e1v\u0161tevnosti na\u0161ej webovej str\u00e1nky, inform\u00e1ci\u00ed o vyh\u013ead\u00e1vaniach na na\u0161om webe, a tie\u017e na ur\u010denie, ako sa na na\u0161ej str\u00e1nke pohybujete, aby sme ju pre v\u00e1s mohli \u010do najviac zjednodu\u0161i\u0165. Ke\u010f\u017ee sme prijali opatrenia proti zneu\u017eitiu t\u00fdchto cookies (anonymiz\u00e1cia na\u0161imi dod\u00e1vate\u013emi) a implementovali opatrenia na jednoduch\u00e9 ovl\u00e1danie a obmedzenie pou\u017e\u00edvania t\u00fdchto cookies, nepo\u017eadujeme v\u00e1\u0161 s\u00fahlas na ich pou\u017e\u00edvanie. Pre tieto cookies pou\u017e\u00edvame rie\u0161enia od nasleduj\u00facich tret\u00edch str\u00e1n:<\/p>\n<h6>Google Analytics<\/h6>\n<p>Adresa: Google Ireland Limited, Gordon House, Barrow Street, Dublin 4, \u00cdrsko<\/p>\n<p><a href=\"https:\/\/policies.google.com\/technologies\/cookies?hl=en-US\">Viac inform\u00e1ci\u00ed o ochrane s\u00fakromia n\u00e1jdete tu, a m\u00f4\u017eete si tu nain\u0161talova\u0165 dostupn\u00fd doplnok na odmietnutie cookies.<\/a><\/p>\n<p>Marketingov\u00e9 a reklamn\u00e9 cookies \u2013 tieto cookies pou\u017e\u00edvame na zobrazenie obsahu na na\u0161ej str\u00e1nke, ktor\u00fd v\u00e1s zauj\u00edma na z\u00e1klade va\u0161ich predch\u00e1dzaj\u00facich preferenci\u00ed a na \u00fa\u010dely zobrazovania rekl\u00e1m pod\u013ea va\u0161ich z\u00e1ujmov. Cookies tohto typu uklad\u00e1me len s va\u0161\u00edm s\u00fahlasom. Pre tieto cookies pou\u017e\u00edvame rie\u0161enia od nasleduj\u00facich tret\u00edch str\u00e1n:<\/p>\n<h6>Google AdWords<\/h6>\n<p>Adresa: Google Ireland Limited, Gordon House, Barrow Street, Dublin 4, \u00cdrsko<\/p>\n<p><a href=\"https:\/\/policies.google.com\/technologies\/ads?hl=en-US\">Viac inform\u00e1ci\u00ed o ochrane s\u00fakromia n\u00e1jdete tu, a cookies m\u00f4\u017eete odmietnu\u0165 tu.<\/a><\/p>\n<h6>Facebook Pixel<\/h6>\n<p>Adresa: Facebook Ireland Ltd., 4 Grand Canal Square, Grand Canal Harbour Dublin 2, \u00cdrsko<\/p>\n<p><a href=\"https:\/\/www.facebook.com\/privacy\/policies\/cookies\">Viac inform\u00e1ci\u00ed o ochrane s\u00fakromia n\u00e1jdete tu, a cookies m\u00f4\u017eete odmietnu\u0165 tu.<\/a><\/p>\n<h5>Va\u0161e vo\u013eby<\/h5>\n<p>Existuje nieko\u013eko sp\u00f4sobov, ako spravova\u0165 alebo obmedzi\u0165, ako my a na\u0161i partneri pou\u017e\u00edvame cookies a podobn\u00e9 technol\u00f3gie:<\/p>\n<p>Nastavenia prehliada\u010da: V\u00e4\u010d\u0161ina prehliada\u010dov m\u00e1 predvolen\u00e9 nastavenie, ktor\u00e9 prij\u00edma cookies, ale ich nastavenia v\u00e1m umo\u017e\u0148uj\u00fa cookies odstr\u00e1ni\u0165 alebo odmietnu\u0165. Mus\u00edme v\u00e1s v\u0161ak upozorni\u0165, \u017ee v takom pr\u00edpade niektor\u00e9 poskytovan\u00e9 slu\u017eby nemusia fungova\u0165 spr\u00e1vne.<\/p>\n<p>Rie\u0161enia od partnerov: Na obmedzenie cookies m\u00f4\u017eete tie\u017e pou\u017ei\u0165 rie\u0161enia pon\u00fakan\u00e9 jednotliv\u00fdmi partnermi uveden\u00fdmi vy\u0161\u0161ie.<\/p>\n<h5>Kontaktujte n\u00e1s<\/h5>\n<p>Ak m\u00e1te ak\u00e9ko\u013evek ot\u00e1zky t\u00fdkaj\u00face sa cookies a tohto dokumentu, nev\u00e1hajte n\u00e1s kontaktova\u0165 na info@monarchio.com.<\/p>\n\t\t\t\t\t\t\t\t<\/div>\n\t\t\t\t<\/div>\n\t\t\t\t\t<\/div>\n\t\t\t\t<\/div>\n\t\t\t\t<\/div>\n\t\t","protected":false},"excerpt":{"rendered":"<p>\u010co s\u00fa cookies, pixely a na \u010do ich potrebujeme? Rovnako ako mnoho in\u00fdch spolo\u010dnost\u00ed poskytuj\u00facich slu\u017eby na internete, aj my pou\u017e\u00edvame cookies, pixely a in\u00e9 technol\u00f3gie. V tejto \u010dasti sa dozviete ako funguj\u00fa a na \u010do ich potrebujeme.Cookies s\u00fa mal\u00e9 \u010diastky \u00fadajov, ktor\u00e9 sa ukladaj\u00fa vo va\u0161om prehliada\u010di alebo mobilnom zariaden\u00ed po\u010das prehliadania webov\u00fdch str\u00e1nok. [&hellip;]<\/p>\n","protected":false},"author":1,"featured_media":0,"parent":0,"menu_order":0,"comment_status":"closed","ping_status":"closed","template":"","meta":{"footnotes":""},"class_list":["post-2548","page","type-page","status-publish","hentry"],"yoast_head":"<!-- This site is optimized with the Yoast SEO plugin v25.5 - https:\/\/yoast.com\/wordpress\/plugins\/seo\/ -->\n<title>Z\u00e1sady pou\u017e\u00edvania s\u00faborov cookie - Monarchio<\/title>\n<meta name=\"robots\" content=\"index, follow, max-snippet:-1, max-image-preview:large, max-video-preview:-1\" \/>\n<link rel=\"canonical\" href=\"https:\/\/monarchio.com\/sk\/zasady-pouzivania-suborov-cookie\/\" \/>\n<meta property=\"og:locale\" content=\"sk_SK\" \/>\n<meta property=\"og:type\" content=\"article\" \/>\n<meta property=\"og:title\" content=\"Z\u00e1sady pou\u017e\u00edvania s\u00faborov cookie - Monarchio\" \/>\n<meta property=\"og:description\" content=\"\u010co s\u00fa cookies, pixely a na \u010do ich potrebujeme? Rovnako ako mnoho in\u00fdch spolo\u010dnost\u00ed poskytuj\u00facich slu\u017eby na internete, aj my pou\u017e\u00edvame cookies, pixely a in\u00e9 technol\u00f3gie. V tejto \u010dasti sa dozviete ako funguj\u00fa a na \u010do ich potrebujeme.Cookies s\u00fa mal\u00e9 \u010diastky \u00fadajov, ktor\u00e9 sa ukladaj\u00fa vo va\u0161om prehliada\u010di alebo mobilnom zariaden\u00ed po\u010das prehliadania webov\u00fdch str\u00e1nok. [&hellip;]\" \/>\n<meta property=\"og:url\" content=\"https:\/\/monarchio.com\/sk\/zasady-pouzivania-suborov-cookie\/\" \/>\n<meta property=\"og:site_name\" content=\"Monarchio\" \/>\n<meta property=\"article:modified_time\" content=\"2024-09-05T08:55:09+00:00\" \/>\n<meta name=\"twitter:card\" content=\"summary_large_image\" \/>\n<meta name=\"twitter:label1\" content=\"Predpokladan\u00fd \u010das \u010d\u00edtania\" \/>\n\t<meta name=\"twitter:data1\" content=\"4 min\u00faty\" \/>\n<script type=\"application\/ld+json\" class=\"yoast-schema-graph\">{\"@context\":\"https:\/\/schema.org\",\"@graph\":[{\"@type\":\"WebPage\",\"@id\":\"https:\/\/monarchio.com\/sk\/zasady-pouzivania-suborov-cookie\/\",\"url\":\"https:\/\/monarchio.com\/sk\/zasady-pouzivania-suborov-cookie\/\",\"name\":\"Z\u00e1sady pou\u017e\u00edvania s\u00faborov cookie - Monarchio\",\"isPartOf\":{\"@id\":\"https:\/\/monarchio.com\/sk\/#website\"},\"datePublished\":\"2023-10-25T11:19:29+00:00\",\"dateModified\":\"2024-09-05T08:55:09+00:00\",\"breadcrumb\":{\"@id\":\"https:\/\/monarchio.com\/sk\/zasady-pouzivania-suborov-cookie\/#breadcrumb\"},\"inLanguage\":\"sk-SK\",\"potentialAction\":[{\"@type\":\"ReadAction\",\"target\":[\"https:\/\/monarchio.com\/sk\/zasady-pouzivania-suborov-cookie\/\"]}]},{\"@type\":\"BreadcrumbList\",\"@id\":\"https:\/\/monarchio.com\/sk\/zasady-pouzivania-suborov-cookie\/#breadcrumb\",\"itemListElement\":[{\"@type\":\"ListItem\",\"position\":1,\"name\":\"Home\",\"item\":\"https:\/\/monarchio.com\/sk\/domov\/\"},{\"@type\":\"ListItem\",\"position\":2,\"name\":\"Z\u00e1sady pou\u017e\u00edvania s\u00faborov cookie\"}]},{\"@type\":\"WebSite\",\"@id\":\"https:\/\/monarchio.com\/sk\/#website\",\"url\":\"https:\/\/monarchio.com\/sk\/\",\"name\":\"Monarchio\",\"description\":\"Royal petit care\",\"publisher\":{\"@id\":\"https:\/\/monarchio.com\/sk\/#organization\"},\"potentialAction\":[{\"@type\":\"SearchAction\",\"target\":{\"@type\":\"EntryPoint\",\"urlTemplate\":\"https:\/\/monarchio.com\/sk\/?s={search_term_string}\"},\"query-input\":{\"@type\":\"PropertyValueSpecification\",\"valueRequired\":true,\"valueName\":\"search_term_string\"}}],\"inLanguage\":\"sk-SK\"},{\"@type\":\"Organization\",\"@id\":\"https:\/\/monarchio.com\/sk\/#organization\",\"name\":\"Monarchio\",\"url\":\"https:\/\/monarchio.com\/sk\/\",\"logo\":{\"@type\":\"ImageObject\",\"inLanguage\":\"sk-SK\",\"@id\":\"https:\/\/monarchio.com\/sk\/#\/schema\/logo\/image\/\",\"url\":\"https:\/\/monarchio.com\/wp-content\/uploads\/2023\/10\/logo-white.svg\",\"contentUrl\":\"https:\/\/monarchio.com\/wp-content\/uploads\/2023\/10\/logo-white.svg\",\"width\":818,\"height\":433,\"caption\":\"Monarchio\"},\"image\":{\"@id\":\"https:\/\/monarchio.com\/sk\/#\/schema\/logo\/image\/\"}}]}<\/script>\n<!-- \/ Yoast SEO plugin. -->","yoast_head_json":{"title":"Z\u00e1sady pou\u017e\u00edvania s\u00faborov cookie - Monarchio","robots":{"index":"index","follow":"follow","max-snippet":"max-snippet:-1","max-image-preview":"max-image-preview:large","max-video-preview":"max-video-preview:-1"},"canonical":"https:\/\/monarchio.com\/sk\/zasady-pouzivania-suborov-cookie\/","og_locale":"sk_SK","og_type":"article","og_title":"Z\u00e1sady pou\u017e\u00edvania s\u00faborov cookie - Monarchio","og_description":"\u010co s\u00fa cookies, pixely a na \u010do ich potrebujeme? Rovnako ako mnoho in\u00fdch spolo\u010dnost\u00ed poskytuj\u00facich slu\u017eby na internete, aj my pou\u017e\u00edvame cookies, pixely a in\u00e9 technol\u00f3gie. V tejto \u010dasti sa dozviete ako funguj\u00fa a na \u010do ich potrebujeme.Cookies s\u00fa mal\u00e9 \u010diastky \u00fadajov, ktor\u00e9 sa ukladaj\u00fa vo va\u0161om prehliada\u010di alebo mobilnom zariaden\u00ed po\u010das prehliadania webov\u00fdch str\u00e1nok. [&hellip;]","og_url":"https:\/\/monarchio.com\/sk\/zasady-pouzivania-suborov-cookie\/","og_site_name":"Monarchio","article_modified_time":"2024-09-05T08:55:09+00:00","twitter_card":"summary_large_image","twitter_misc":{"Predpokladan\u00fd \u010das \u010d\u00edtania":"4 min\u00faty"},"schema":{"@context":"https:\/\/schema.org","@graph":[{"@type":"WebPage","@id":"https:\/\/monarchio.com\/sk\/zasady-pouzivania-suborov-cookie\/","url":"https:\/\/monarchio.com\/sk\/zasady-pouzivania-suborov-cookie\/","name":"Z\u00e1sady pou\u017e\u00edvania s\u00faborov cookie - Monarchio","isPartOf":{"@id":"https:\/\/monarchio.com\/sk\/#website"},"datePublished":"2023-10-25T11:19:29+00:00","dateModified":"2024-09-05T08:55:09+00:00","breadcrumb":{"@id":"https:\/\/monarchio.com\/sk\/zasady-pouzivania-suborov-cookie\/#breadcrumb"},"inLanguage":"sk-SK","potentialAction":[{"@type":"ReadAction","target":["https:\/\/monarchio.com\/sk\/zasady-pouzivania-suborov-cookie\/"]}]},{"@type":"BreadcrumbList","@id":"https:\/\/monarchio.com\/sk\/zasady-pouzivania-suborov-cookie\/#breadcrumb","itemListElement":[{"@type":"ListItem","position":1,"name":"Home","item":"https:\/\/monarchio.com\/sk\/domov\/"},{"@type":"ListItem","position":2,"name":"Z\u00e1sady pou\u017e\u00edvania s\u00faborov cookie"}]},{"@type":"WebSite","@id":"https:\/\/monarchio.com\/sk\/#website","url":"https:\/\/monarchio.com\/sk\/","name":"Monarchio","description":"Royal petit care","publisher":{"@id":"https:\/\/monarchio.com\/sk\/#organization"},"potentialAction":[{"@type":"SearchAction","target":{"@type":"EntryPoint","urlTemplate":"https:\/\/monarchio.com\/sk\/?s={search_term_string}"},"query-input":{"@type":"PropertyValueSpecification","valueRequired":true,"valueName":"search_term_string"}}],"inLanguage":"sk-SK"},{"@type":"Organization","@id":"https:\/\/monarchio.com\/sk\/#organization","name":"Monarchio","url":"https:\/\/monarchio.com\/sk\/","logo":{"@type":"ImageObject","inLanguage":"sk-SK","@id":"https:\/\/monarchio.com\/sk\/#\/schema\/logo\/image\/","url":"https:\/\/monarchio.com\/wp-content\/uploads\/2023\/10\/logo-white.svg","contentUrl":"https:\/\/monarchio.com\/wp-content\/uploads\/2023\/10\/logo-white.svg","width":818,"height":433,"caption":"Monarchio"},"image":{"@id":"https:\/\/monarchio.com\/sk\/#\/schema\/logo\/image\/"}}]}},"_links":{"self":[{"href":"https:\/\/monarchio.com\/sk\/wp-json\/wp\/v2\/pages\/2548","targetHints":{"allow":["GET"]}}],"collection":[{"href":"https:\/\/monarchio.com\/sk\/wp-json\/wp\/v2\/pages"}],"about":[{"href":"https:\/\/monarchio.com\/sk\/wp-json\/wp\/v2\/types\/page"}],"author":[{"embeddable":true,"href":"https:\/\/monarchio.com\/sk\/wp-json\/wp\/v2\/users\/1"}],"replies":[{"embeddable":true,"href":"https:\/\/monarchio.com\/sk\/wp-json\/wp\/v2\/comments?post=2548"}],"version-history":[{"count":1,"href":"https:\/\/monarchio.com\/sk\/wp-json\/wp\/v2\/pages\/2548\/revisions"}],"predecessor-version":[{"id":2549,"href":"https:\/\/monarchio.com\/sk\/wp-json\/wp\/v2\/pages\/2548\/revisions\/2549"}],"wp:attachment":[{"href":"https:\/\/monarchio.com\/sk\/wp-json\/wp\/v2\/media?parent=2548"}],"curies":[{"name":"wp","href":"https:\/\/api.w.org\/{rel}","templated":true}]}}