{"id":2288,"date":"2023-11-09T13:12:15","date_gmt":"2023-11-09T12:12:15","guid":{"rendered":"https:\/\/monarchio.com\/o-produktoch\/zdravie-psika\/"},"modified":"2024-12-02T10:46:07","modified_gmt":"2024-12-02T09:46:07","slug":"zdravie-psika","status":"publish","type":"page","link":"https:\/\/monarchio.com\/sk\/o-produktoch\/zdravie-psika\/","title":{"rendered":"Zdravie ps\u00edka"},"content":{"rendered":"\t\t<div data-elementor-type=\"wp-page\" data-elementor-id=\"2288\" class=\"elementor elementor-2288 elementor-1182\" data-elementor-post-type=\"page\">\n\t\t\t\t<div class=\"elementor-element elementor-element-2d946e55 e-con-full e-flex e-con e-parent\" data-id=\"2d946e55\" data-element_type=\"container\" data-settings=\"{&quot;background_background&quot;:&quot;classic&quot;}\">\n\t\t\t\t<div class=\"elementor-element elementor-element-dfb8b97 elementor-view-default elementor-widget elementor-widget-icon\" data-id=\"dfb8b97\" data-element_type=\"widget\" data-widget_type=\"icon.default\">\n\t\t\t\t<div class=\"elementor-widget-container\">\n\t\t\t\t\t\t\t<div class=\"elementor-icon-wrapper\">\n\t\t\t<div class=\"elementor-icon\">\n\t\t\t<svg xmlns=\"http:\/\/www.w3.org\/2000\/svg\" xmlns:xlink=\"http:\/\/www.w3.org\/1999\/xlink\" id=\"Layer_1\" x=\"0px\" y=\"0px\" viewBox=\"0 0 24 24\" style=\"enable-background:new 0 0 24 24;\" xml:space=\"preserve\"><path d=\"M14.3,4.7L12,2.4L9.7,4.7C9.5,5,9.2,5.3,9.1,5.7C8.9,6.1,8.8,6.5,8.8,6.9c0,0.4,0.1,0.8,0.2,1.2c0.2,0.4,0.4,0.7,0.7,1 l2.3,2.3l2.3-2.3c0.3-0.3,0.5-0.6,0.7-1c0.2-0.4,0.2-0.8,0.2-1.2c0-0.4-0.1-0.8-0.2-1.2C14.8,5.3,14.5,5,14.3,4.7z\"><\/path><path d=\"M16,18.4C15.9,18,15.9,17.5,16,17c0.1-0.5,0.3-0.9,0.6-1.2c0.3-0.4,0.7-0.7,1.1-0.8c0.4-0.2,0.9-0.3,1.4-0.3 c0.1,0,0.1,0,0.2,0h4.3c-0.2-3.7-4-6.4-7.9-4.6c-1,0.5-1.8,1.3-2.3,2.3c-1,2.3-0.6,4.5,0.7,6H16z\"><\/path><path d=\"M12,18.4l1.1,1.1c0.3,0.3,0.5,0.7,0.5,1.1c0,0.4-0.2,0.8-0.5,1.1c-0.3,0.3-0.7,0.5-1.1,0.5c-0.4,0-0.8-0.2-1.1-0.5 c-0.3-0.3-0.5-0.7-0.5-1.1c0-0.4,0.2-0.8,0.5-1.1L12,18.4z\"><\/path><path d=\"M4.9,14.6c0.5,0,0.9,0.1,1.4,0.3c0.4,0.2,0.8,0.5,1.1,0.8C7.6,16.2,7.8,16.6,8,17C8.1,17.5,8.1,18,8,18.4h1.9 c1.3-1.5,1.8-3.8,0.7-6c-0.5-1-1.3-1.8-2.3-2.3C4.4,8.3,0.6,11,0.4,14.7h4.3C4.7,14.6,4.8,14.6,4.9,14.6z\"><\/path><\/svg>\t\t\t<\/div>\n\t\t<\/div>\n\t\t\t\t\t\t<\/div>\n\t\t\t\t<\/div>\n\t\t\t\t<div class=\"elementor-element elementor-element-23a76314 elementor-widget elementor-widget-heading\" data-id=\"23a76314\" data-element_type=\"widget\" data-widget_type=\"heading.default\">\n\t\t\t\t<div class=\"elementor-widget-container\">\n\t\t\t\t\t<h1 class=\"elementor-heading-title elementor-size-default\">Zdravie <i>ps\u00edka<\/i>\n<\/h1>\t\t\t\t<\/div>\n\t\t\t\t<\/div>\n\t\t\t\t<\/div>\n\t\t<div class=\"elementor-element elementor-element-4856114 e-flex e-con-boxed e-con e-child\" data-id=\"4856114\" data-element_type=\"container\">\n\t\t\t\t\t<div class=\"e-con-inner\">\n\t\t\t\t<div class=\"elementor-element elementor-element-6d5aaa2 elementor-widget elementor-widget-heading\" data-id=\"6d5aaa2\" data-element_type=\"widget\" data-widget_type=\"heading.default\">\n\t\t\t\t<div class=\"elementor-widget-container\">\n\t\t\t\t\t<h2 class=\"elementor-heading-title elementor-size-default\">Pre\u010do je pre psa d\u00f4le\u017eit\u00fd <i>kvalitn\u00fd<\/i> odpo\u010dinok?<\/h2>\t\t\t\t<\/div>\n\t\t\t\t<\/div>\n\t\t\t\t<div class=\"elementor-element elementor-element-6685ff03 elementor-widget elementor-widget-text-editor\" data-id=\"6685ff03\" data-element_type=\"widget\" data-widget_type=\"text-editor.default\">\n\t\t\t\t<div class=\"elementor-widget-container\">\n\t\t\t\t\t\t\t\t\t<p>Psy ved\u00fa z\u00e1videniahodn\u00fd \u017eivot. Po celom no\u010dnom sp\u00e1nku tr\u00e1via dni drieman\u00edm na slnku a na svojich ob\u013e\u00faben\u00fdch miestach. Ke\u010f sa zobudia, \u010dasto maj\u00fa dostatok energie na okam\u017eit\u00fa hru a \u0161port. Psy spia inak ako \u013eudia. Spia a oddychuj\u00fa niekedy a\u017e 13 hod\u00edn denne. To znamen\u00e1, \u017ee kvalitn\u00fd sp\u00e1nok a odpo\u010dinok s\u00fa presne to, \u010do udr\u017euje ich zdravie a vitalitu.<\/p>\n\t\t\t\t\t\t\t\t<\/div>\n\t\t\t\t<\/div>\n\t\t\t\t\t<\/div>\n\t\t\t\t<\/div>\n\t\t<div class=\"elementor-element elementor-element-f2401bd e-flex e-con-boxed e-con e-parent\" data-id=\"f2401bd\" data-element_type=\"container\">\n\t\t\t\t\t<div class=\"e-con-inner\">\n\t\t\t\t<div class=\"elementor-element elementor-element-f4ccbe9 elementor-widget elementor-widget-image\" data-id=\"f4ccbe9\" data-element_type=\"widget\" data-widget_type=\"image.default\">\n\t\t\t\t<div class=\"elementor-widget-container\">\n\t\t\t\t\t\t\t\t\t\t\t\t\t\t\t<img fetchpriority=\"high\" decoding=\"async\" width=\"1742\" height=\"1159\" src=\"https:\/\/monarchio.com\/wp-content\/uploads\/2023\/11\/MV_MONARCHIO-91.jpg\" class=\"attachment-full size-full wp-image-2135 wvs-archive-product-image\" alt=\"\" srcset=\"https:\/\/monarchio.com\/wp-content\/uploads\/2023\/11\/MV_MONARCHIO-91.jpg 1742w, https:\/\/monarchio.com\/wp-content\/uploads\/2023\/11\/MV_MONARCHIO-91-487x324.jpg 487w, https:\/\/monarchio.com\/wp-content\/uploads\/2023\/11\/MV_MONARCHIO-91-600x399.jpg 600w, https:\/\/monarchio.com\/wp-content\/uploads\/2023\/11\/MV_MONARCHIO-91-1500x998.jpg 1500w, https:\/\/monarchio.com\/wp-content\/uploads\/2023\/11\/MV_MONARCHIO-91-300x200.jpg 300w, https:\/\/monarchio.com\/wp-content\/uploads\/2023\/11\/MV_MONARCHIO-91-768x511.jpg 768w, https:\/\/monarchio.com\/wp-content\/uploads\/2023\/11\/MV_MONARCHIO-91-1536x1022.jpg 1536w, https:\/\/monarchio.com\/wp-content\/uploads\/2023\/11\/MV_MONARCHIO-91-1024x681.jpg 1024w\" sizes=\"(max-width: 1742px) 100vw, 1742px\" \/>\t\t\t\t\t\t\t\t\t\t\t\t\t\t\t<\/div>\n\t\t\t\t<\/div>\n\t\t\t\t\t<\/div>\n\t\t\t\t<\/div>\n\t\t<div class=\"elementor-element elementor-element-4a1d830 e-flex e-con-boxed e-con e-child\" data-id=\"4a1d830\" data-element_type=\"container\">\n\t\t\t\t\t<div class=\"e-con-inner\">\n\t\t\t\t<div class=\"elementor-element elementor-element-7f362be elementor-widget elementor-widget-heading\" data-id=\"7f362be\" data-element_type=\"widget\" data-widget_type=\"heading.default\">\n\t\t\t\t<div class=\"elementor-widget-container\">\n\t\t\t\t\t<h2 class=\"elementor-heading-title elementor-size-default\">Ak\u00e9 probl\u00e9my <i>sprev\u00e1dzaj\u00fa<\/i> psov s nedostato\u010dn\u00fdm odpo\u010dinkom?<\/h2>\t\t\t\t<\/div>\n\t\t\t\t<\/div>\n\t\t\t\t<div class=\"elementor-element elementor-element-b05e9b0 elementor-widget elementor-widget-text-editor\" data-id=\"b05e9b0\" data-element_type=\"widget\" data-widget_type=\"text-editor.default\">\n\t\t\t\t<div class=\"elementor-widget-container\">\n\t\t\t\t\t\t\t\t\t<div class=\"flex flex-grow flex-col max-w-full gap-3 gizmo:gap-0\">\n<div class=\"min-h-[20px] text-message peer flex flex-col items-start gap-3 whitespace-pre-wrap break-words peer-[.text-message]:mt-5 overflow-x-auto\" data-message-author-role=\"assistant\" data-message-id=\"18efaabd-7292-4c28-bd81-72a4e11165b1\">\n<div class=\"markdown prose w-full break-words dark:prose-invert light\">\n<p>Intenz\u00edvnej\u0161ie reakcie na stresov\u00e9 podnety. Podr\u00e1\u017edenos\u0165 a poruchy n\u00e1lady. Slab\u00e1 pam\u00e4\u0165. Schopnos\u0165 u\u010di\u0165 sa. V\u00fdskum uk\u00e1zal, \u017ee toto s\u00fa pr\u00edznaky, ktor\u00e9 sa prejavuj\u00fa u psov s nedostato\u010dn\u00fdm sp\u00e1nkom alebo u t\u00fdch, ktor\u00ed tr\u00e1via \u010das v zanedban\u00fdch podmienkach v malom a stresuj\u00facom prostred\u00ed. Tie\u017e v\u00e1m to pripom\u00edna, \u017ee pr\u00edznaky nedostatku sp\u00e1nku u psov s\u00fa podobn\u00e9 ako u n\u00e1s?<\/p>\n<\/div>\n<\/div>\n<\/div>\n\t\t\t\t\t\t\t\t<\/div>\n\t\t\t\t<\/div>\n\t\t\t\t\t<\/div>\n\t\t\t\t<\/div>\n\t\t<div class=\"elementor-element elementor-element-310888e e-flex e-con-boxed e-con e-parent\" data-id=\"310888e\" data-element_type=\"container\">\n\t\t\t\t\t<div class=\"e-con-inner\">\n\t\t\t\t<div class=\"elementor-element elementor-element-511288b elementor-widget elementor-widget-image\" data-id=\"511288b\" data-element_type=\"widget\" data-widget_type=\"image.default\">\n\t\t\t\t<div class=\"elementor-widget-container\">\n\t\t\t\t\t\t\t\t\t\t\t\t\t\t\t<img decoding=\"async\" width=\"2560\" height=\"1707\" src=\"https:\/\/monarchio.com\/wp-content\/uploads\/2023\/11\/MV_MONARCHIO-81-scaled.jpg\" class=\"attachment-full size-full wp-image-2208 wvs-archive-product-image\" alt=\"\" srcset=\"https:\/\/monarchio.com\/wp-content\/uploads\/2023\/11\/MV_MONARCHIO-81-scaled.jpg 2560w, https:\/\/monarchio.com\/wp-content\/uploads\/2023\/11\/MV_MONARCHIO-81-scaled-487x325.jpg 487w, https:\/\/monarchio.com\/wp-content\/uploads\/2023\/11\/MV_MONARCHIO-81-scaled-600x400.jpg 600w, https:\/\/monarchio.com\/wp-content\/uploads\/2023\/11\/MV_MONARCHIO-81-scaled-300x200.jpg 300w, https:\/\/monarchio.com\/wp-content\/uploads\/2023\/11\/MV_MONARCHIO-81-scaled-768x512.jpg 768w, https:\/\/monarchio.com\/wp-content\/uploads\/2023\/11\/MV_MONARCHIO-81-scaled-1500x1000.jpg 1500w, https:\/\/monarchio.com\/wp-content\/uploads\/2023\/11\/MV_MONARCHIO-81-scaled-1536x1024.jpg 1536w, https:\/\/monarchio.com\/wp-content\/uploads\/2023\/11\/MV_MONARCHIO-81-scaled-2048x1366.jpg 2048w\" sizes=\"(max-width: 2560px) 100vw, 2560px\" \/>\t\t\t\t\t\t\t\t\t\t\t\t\t\t\t<\/div>\n\t\t\t\t<\/div>\n\t\t\t\t\t<\/div>\n\t\t\t\t<\/div>\n\t\t<div class=\"elementor-element elementor-element-c4c8f3c e-flex e-con-boxed e-con e-child\" data-id=\"c4c8f3c\" data-element_type=\"container\">\n\t\t\t\t\t<div class=\"e-con-inner\">\n\t\t\t\t<div class=\"elementor-element elementor-element-521db35 elementor-widget elementor-widget-heading\" data-id=\"521db35\" data-element_type=\"widget\" data-widget_type=\"heading.default\">\n\t\t\t\t<div class=\"elementor-widget-container\">\n\t\t\t\t\t<h2 class=\"elementor-heading-title elementor-size-default\">Ako zlep\u0161i\u0165 sp\u00e1nok va\u0161ich <i>psov<\/i>?<\/h2>\t\t\t\t<\/div>\n\t\t\t\t<\/div>\n\t\t\t\t<div class=\"elementor-element elementor-element-a799475 elementor-widget elementor-widget-text-editor\" data-id=\"a799475\" data-element_type=\"widget\" data-widget_type=\"text-editor.default\">\n\t\t\t\t<div class=\"elementor-widget-container\">\n\t\t\t\t\t\t\t\t\t<p>Ak chcete zabezpe\u010di\u0165 lep\u0161ie prostredie pre kvalitn\u00fd odpo\u010dinok a sp\u00e1nok v\u00e1\u0161ho psa, m\u00f4\u017eete urobi\u0165 nieko\u013eko krokov. Sna\u017ete sa dodr\u017eiava\u0165 rutiny ka\u017ed\u00fd de\u0148. Nechajte psa spa\u0165 sam\u00e9ho. Zabezpe\u010dte pre psa kvalitn\u00fd matrac alebo pelech. Udr\u017eujte pre psa pokojn\u00e9 prostredie na spanie.<\/p>\n\t\t\t\t\t\t\t\t<\/div>\n\t\t\t\t<\/div>\n\t\t\t\t\t<\/div>\n\t\t\t\t<\/div>\n\t\t<div class=\"elementor-element elementor-element-e3f28fa e-flex e-con-boxed e-con e-child\" data-id=\"e3f28fa\" data-element_type=\"container\" data-settings=\"{&quot;background_background&quot;:&quot;classic&quot;}\">\n\t\t\t\t\t<div class=\"e-con-inner\">\n\t\t\t\t<div class=\"elementor-element elementor-element-16de056 elementor-widget elementor-widget-heading\" data-id=\"16de056\" data-element_type=\"widget\" data-widget_type=\"heading.default\">\n\t\t\t\t<div class=\"elementor-widget-container\">\n\t\t\t\t\t<h2 class=\"elementor-heading-title elementor-size-default\">Vyberte to najlep\u0161ie pre v\u00e1\u0161ho <i>mil\u00e1\u010dika<\/i>.<\/h2>\t\t\t\t<\/div>\n\t\t\t\t<\/div>\n\t\t\t\t<div class=\"elementor-element elementor-element-dbc7014 elementor-align-center elementor-widget elementor-widget-button\" data-id=\"dbc7014\" data-element_type=\"widget\" data-widget_type=\"button.default\">\n\t\t\t\t<div class=\"elementor-widget-container\">\n\t\t\t\t\t\t\t\t\t<div class=\"elementor-button-wrapper\">\n\t\t\t\t\t<a class=\"elementor-button elementor-button-link elementor-size-sm\" href=\"https:\/\/monarchio.com\/sk\/produkty\">\n\t\t\t\t\t\t<span class=\"elementor-button-content-wrapper\">\n\t\t\t\t\t\t\t\t\t<span class=\"elementor-button-text\">Nakupova\u0165<\/span>\n\t\t\t\t\t<\/span>\n\t\t\t\t\t<\/a>\n\t\t\t\t<\/div>\n\t\t\t\t\t\t\t\t<\/div>\n\t\t\t\t<\/div>\n\t\t\t\t\t<\/div>\n\t\t\t\t<\/div>\n\t\t\t\t<\/div>\n\t\t","protected":false},"excerpt":{"rendered":"<p>Zdravie ps\u00edka Pre\u010do je pre psa d\u00f4le\u017eit\u00fd kvalitn\u00fd odpo\u010dinok? Psy ved\u00fa z\u00e1videniahodn\u00fd \u017eivot. Po celom no\u010dnom sp\u00e1nku tr\u00e1via dni drieman\u00edm na slnku a na svojich ob\u013e\u00faben\u00fdch miestach. Ke\u010f sa zobudia, \u010dasto maj\u00fa dostatok energie na okam\u017eit\u00fa hru a \u0161port. Psy spia inak ako \u013eudia. Spia a oddychuj\u00fa niekedy a\u017e 13 hod\u00edn denne. To znamen\u00e1, \u017ee [&hellip;]<\/p>\n","protected":false},"author":1,"featured_media":2171,"parent":2266,"menu_order":0,"comment_status":"closed","ping_status":"closed","template":"","meta":{"footnotes":""},"class_list":["post-2288","page","type-page","status-publish","has-post-thumbnail","hentry"],"yoast_head":"<!-- This site is optimized with the Yoast SEO plugin v25.5 - https:\/\/yoast.com\/wordpress\/plugins\/seo\/ -->\n<title>Zdravie ps\u00edka \u2502 Monarchio<\/title>\n<meta name=\"description\" content=\"Monarchio uprednost\u0148uje pohodu dom\u00e1cich mil\u00e1\u010dikov a uvedomuje si vplyv, ktor\u00fd m\u00f4\u017eeme ma\u0165 na zdravie na\u0161ich chlpat\u00fdch priate\u013eov.\" \/>\n<meta name=\"robots\" content=\"index, follow, max-snippet:-1, max-image-preview:large, max-video-preview:-1\" \/>\n<link rel=\"canonical\" href=\"https:\/\/monarchio.com\/sk\/o-produktoch\/zdravie-psika\/\" \/>\n<meta property=\"og:locale\" content=\"sk_SK\" \/>\n<meta property=\"og:type\" content=\"article\" \/>\n<meta property=\"og:title\" content=\"Zdravie ps\u00edka \u2502 Monarchio\" \/>\n<meta property=\"og:description\" content=\"Monarchio uprednost\u0148uje pohodu dom\u00e1cich mil\u00e1\u010dikov a uvedomuje si vplyv, ktor\u00fd m\u00f4\u017eeme ma\u0165 na zdravie na\u0161ich chlpat\u00fdch priate\u013eov.\" \/>\n<meta property=\"og:url\" content=\"https:\/\/monarchio.com\/sk\/o-produktoch\/zdravie-psika\/\" \/>\n<meta property=\"og:site_name\" content=\"Monarchio\" \/>\n<meta property=\"article:modified_time\" content=\"2024-12-02T09:46:07+00:00\" \/>\n<meta property=\"og:image\" content=\"https:\/\/monarchio.melonberries.sk\/wp-content\/uploads\/2023\/11\/MV_MONARCHIO-100-scaled-1-1500x998.jpg\" \/>\n<meta name=\"twitter:card\" content=\"summary_large_image\" \/>\n<meta name=\"twitter:label1\" content=\"Predpokladan\u00fd \u010das \u010d\u00edtania\" \/>\n\t<meta name=\"twitter:data1\" content=\"2 min\u00faty\" \/>\n<script type=\"application\/ld+json\" class=\"yoast-schema-graph\">{\"@context\":\"https:\/\/schema.org\",\"@graph\":[{\"@type\":\"WebPage\",\"@id\":\"https:\/\/monarchio.com\/sk\/o-produktoch\/zdravie-psika\/\",\"url\":\"https:\/\/monarchio.com\/sk\/o-produktoch\/zdravie-psika\/\",\"name\":\"Zdravie ps\u00edka \u2502 Monarchio\",\"isPartOf\":{\"@id\":\"https:\/\/monarchio.com\/sk\/#website\"},\"primaryImageOfPage\":{\"@id\":\"https:\/\/monarchio.com\/sk\/o-produktoch\/zdravie-psika\/#primaryimage\"},\"image\":{\"@id\":\"https:\/\/monarchio.com\/sk\/o-produktoch\/zdravie-psika\/#primaryimage\"},\"thumbnailUrl\":\"https:\/\/monarchio.com\/wp-content\/uploads\/2023\/11\/MV_MONARCHIO-100-scaled-1.jpg\",\"datePublished\":\"2023-11-09T12:12:15+00:00\",\"dateModified\":\"2024-12-02T09:46:07+00:00\",\"description\":\"Monarchio uprednost\u0148uje pohodu dom\u00e1cich mil\u00e1\u010dikov a uvedomuje si vplyv, ktor\u00fd m\u00f4\u017eeme ma\u0165 na zdravie na\u0161ich chlpat\u00fdch priate\u013eov.\",\"breadcrumb\":{\"@id\":\"https:\/\/monarchio.com\/sk\/o-produktoch\/zdravie-psika\/#breadcrumb\"},\"inLanguage\":\"sk-SK\",\"potentialAction\":[{\"@type\":\"ReadAction\",\"target\":[\"https:\/\/monarchio.com\/sk\/o-produktoch\/zdravie-psika\/\"]}]},{\"@type\":\"ImageObject\",\"inLanguage\":\"sk-SK\",\"@id\":\"https:\/\/monarchio.com\/sk\/o-produktoch\/zdravie-psika\/#primaryimage\",\"url\":\"https:\/\/monarchio.com\/wp-content\/uploads\/2023\/11\/MV_MONARCHIO-100-scaled-1.jpg\",\"contentUrl\":\"https:\/\/monarchio.com\/wp-content\/uploads\/2023\/11\/MV_MONARCHIO-100-scaled-1.jpg\",\"width\":2560,\"height\":1703},{\"@type\":\"BreadcrumbList\",\"@id\":\"https:\/\/monarchio.com\/sk\/o-produktoch\/zdravie-psika\/#breadcrumb\",\"itemListElement\":[{\"@type\":\"ListItem\",\"position\":1,\"name\":\"Home\",\"item\":\"https:\/\/monarchio.com\/sk\/domov\/\"},{\"@type\":\"ListItem\",\"position\":2,\"name\":\"O produktoch\",\"item\":\"https:\/\/monarchio.com\/sk\/o-produktoch\/\"},{\"@type\":\"ListItem\",\"position\":3,\"name\":\"Zdravie ps\u00edka\"}]},{\"@type\":\"WebSite\",\"@id\":\"https:\/\/monarchio.com\/sk\/#website\",\"url\":\"https:\/\/monarchio.com\/sk\/\",\"name\":\"Monarchio\",\"description\":\"Royal petit care\",\"publisher\":{\"@id\":\"https:\/\/monarchio.com\/sk\/#organization\"},\"potentialAction\":[{\"@type\":\"SearchAction\",\"target\":{\"@type\":\"EntryPoint\",\"urlTemplate\":\"https:\/\/monarchio.com\/sk\/?s={search_term_string}\"},\"query-input\":{\"@type\":\"PropertyValueSpecification\",\"valueRequired\":true,\"valueName\":\"search_term_string\"}}],\"inLanguage\":\"sk-SK\"},{\"@type\":\"Organization\",\"@id\":\"https:\/\/monarchio.com\/sk\/#organization\",\"name\":\"Monarchio\",\"url\":\"https:\/\/monarchio.com\/sk\/\",\"logo\":{\"@type\":\"ImageObject\",\"inLanguage\":\"sk-SK\",\"@id\":\"https:\/\/monarchio.com\/sk\/#\/schema\/logo\/image\/\",\"url\":\"https:\/\/monarchio.com\/wp-content\/uploads\/2023\/10\/logo-white.svg\",\"contentUrl\":\"https:\/\/monarchio.com\/wp-content\/uploads\/2023\/10\/logo-white.svg\",\"width\":818,\"height\":433,\"caption\":\"Monarchio\"},\"image\":{\"@id\":\"https:\/\/monarchio.com\/sk\/#\/schema\/logo\/image\/\"}}]}<\/script>\n<!-- \/ Yoast SEO plugin. -->","yoast_head_json":{"title":"Zdravie ps\u00edka \u2502 Monarchio","description":"Monarchio uprednost\u0148uje pohodu dom\u00e1cich mil\u00e1\u010dikov a uvedomuje si vplyv, ktor\u00fd m\u00f4\u017eeme ma\u0165 na zdravie na\u0161ich chlpat\u00fdch priate\u013eov.","robots":{"index":"index","follow":"follow","max-snippet":"max-snippet:-1","max-image-preview":"max-image-preview:large","max-video-preview":"max-video-preview:-1"},"canonical":"https:\/\/monarchio.com\/sk\/o-produktoch\/zdravie-psika\/","og_locale":"sk_SK","og_type":"article","og_title":"Zdravie ps\u00edka \u2502 Monarchio","og_description":"Monarchio uprednost\u0148uje pohodu dom\u00e1cich mil\u00e1\u010dikov a uvedomuje si vplyv, ktor\u00fd m\u00f4\u017eeme ma\u0165 na zdravie na\u0161ich chlpat\u00fdch priate\u013eov.","og_url":"https:\/\/monarchio.com\/sk\/o-produktoch\/zdravie-psika\/","og_site_name":"Monarchio","article_modified_time":"2024-12-02T09:46:07+00:00","og_image":[{"url":"https:\/\/monarchio.melonberries.sk\/wp-content\/uploads\/2023\/11\/MV_MONARCHIO-100-scaled-1-1500x998.jpg","type":"","width":"","height":""}],"twitter_card":"summary_large_image","twitter_misc":{"Predpokladan\u00fd \u010das \u010d\u00edtania":"2 min\u00faty"},"schema":{"@context":"https:\/\/schema.org","@graph":[{"@type":"WebPage","@id":"https:\/\/monarchio.com\/sk\/o-produktoch\/zdravie-psika\/","url":"https:\/\/monarchio.com\/sk\/o-produktoch\/zdravie-psika\/","name":"Zdravie ps\u00edka \u2502 Monarchio","isPartOf":{"@id":"https:\/\/monarchio.com\/sk\/#website"},"primaryImageOfPage":{"@id":"https:\/\/monarchio.com\/sk\/o-produktoch\/zdravie-psika\/#primaryimage"},"image":{"@id":"https:\/\/monarchio.com\/sk\/o-produktoch\/zdravie-psika\/#primaryimage"},"thumbnailUrl":"https:\/\/monarchio.com\/wp-content\/uploads\/2023\/11\/MV_MONARCHIO-100-scaled-1.jpg","datePublished":"2023-11-09T12:12:15+00:00","dateModified":"2024-12-02T09:46:07+00:00","description":"Monarchio uprednost\u0148uje pohodu dom\u00e1cich mil\u00e1\u010dikov a uvedomuje si vplyv, ktor\u00fd m\u00f4\u017eeme ma\u0165 na zdravie na\u0161ich chlpat\u00fdch priate\u013eov.","breadcrumb":{"@id":"https:\/\/monarchio.com\/sk\/o-produktoch\/zdravie-psika\/#breadcrumb"},"inLanguage":"sk-SK","potentialAction":[{"@type":"ReadAction","target":["https:\/\/monarchio.com\/sk\/o-produktoch\/zdravie-psika\/"]}]},{"@type":"ImageObject","inLanguage":"sk-SK","@id":"https:\/\/monarchio.com\/sk\/o-produktoch\/zdravie-psika\/#primaryimage","url":"https:\/\/monarchio.com\/wp-content\/uploads\/2023\/11\/MV_MONARCHIO-100-scaled-1.jpg","contentUrl":"https:\/\/monarchio.com\/wp-content\/uploads\/2023\/11\/MV_MONARCHIO-100-scaled-1.jpg","width":2560,"height":1703},{"@type":"BreadcrumbList","@id":"https:\/\/monarchio.com\/sk\/o-produktoch\/zdravie-psika\/#breadcrumb","itemListElement":[{"@type":"ListItem","position":1,"name":"Home","item":"https:\/\/monarchio.com\/sk\/domov\/"},{"@type":"ListItem","position":2,"name":"O produktoch","item":"https:\/\/monarchio.com\/sk\/o-produktoch\/"},{"@type":"ListItem","position":3,"name":"Zdravie ps\u00edka"}]},{"@type":"WebSite","@id":"https:\/\/monarchio.com\/sk\/#website","url":"https:\/\/monarchio.com\/sk\/","name":"Monarchio","description":"Royal petit care","publisher":{"@id":"https:\/\/monarchio.com\/sk\/#organization"},"potentialAction":[{"@type":"SearchAction","target":{"@type":"EntryPoint","urlTemplate":"https:\/\/monarchio.com\/sk\/?s={search_term_string}"},"query-input":{"@type":"PropertyValueSpecification","valueRequired":true,"valueName":"search_term_string"}}],"inLanguage":"sk-SK"},{"@type":"Organization","@id":"https:\/\/monarchio.com\/sk\/#organization","name":"Monarchio","url":"https:\/\/monarchio.com\/sk\/","logo":{"@type":"ImageObject","inLanguage":"sk-SK","@id":"https:\/\/monarchio.com\/sk\/#\/schema\/logo\/image\/","url":"https:\/\/monarchio.com\/wp-content\/uploads\/2023\/10\/logo-white.svg","contentUrl":"https:\/\/monarchio.com\/wp-content\/uploads\/2023\/10\/logo-white.svg","width":818,"height":433,"caption":"Monarchio"},"image":{"@id":"https:\/\/monarchio.com\/sk\/#\/schema\/logo\/image\/"}}]}},"_links":{"self":[{"href":"https:\/\/monarchio.com\/sk\/wp-json\/wp\/v2\/pages\/2288","targetHints":{"allow":["GET"]}}],"collection":[{"href":"https:\/\/monarchio.com\/sk\/wp-json\/wp\/v2\/pages"}],"about":[{"href":"https:\/\/monarchio.com\/sk\/wp-json\/wp\/v2\/types\/page"}],"author":[{"embeddable":true,"href":"https:\/\/monarchio.com\/sk\/wp-json\/wp\/v2\/users\/1"}],"replies":[{"embeddable":true,"href":"https:\/\/monarchio.com\/sk\/wp-json\/wp\/v2\/comments?post=2288"}],"version-history":[{"count":4,"href":"https:\/\/monarchio.com\/sk\/wp-json\/wp\/v2\/pages\/2288\/revisions"}],"predecessor-version":[{"id":2743,"href":"https:\/\/monarchio.com\/sk\/wp-json\/wp\/v2\/pages\/2288\/revisions\/2743"}],"up":[{"embeddable":true,"href":"https:\/\/monarchio.com\/sk\/wp-json\/wp\/v2\/pages\/2266"}],"wp:featuredmedia":[{"embeddable":true,"href":"https:\/\/monarchio.com\/sk\/wp-json\/wp\/v2\/media\/2171"}],"wp:attachment":[{"href":"https:\/\/monarchio.com\/sk\/wp-json\/wp\/v2\/media?parent=2288"}],"curies":[{"name":"wp","href":"https:\/\/api.w.org\/{rel}","templated":true}]}}