{"id":1983,"date":"2023-10-25T15:10:08","date_gmt":"2023-10-25T13:10:08","guid":{"rendered":"https:\/\/monarchio.com\/my-account\/"},"modified":"2024-07-23T11:36:59","modified_gmt":"2024-07-23T09:36:59","slug":"moj-ucet","status":"publish","type":"page","link":"https:\/\/monarchio.com\/sk\/moj-ucet\/","title":{"rendered":"M\u00f4j \u00fa\u010det"},"content":{"rendered":"<div class=\"woocommerce\"><\/div>\n","protected":false},"excerpt":{"rendered":"","protected":false},"author":1,"featured_media":0,"parent":0,"menu_order":0,"comment_status":"closed","ping_status":"closed","template":"","meta":{"footnotes":""},"class_list":["post-1983","page","type-page","status-publish","hentry"],"yoast_head":"<!-- This site is optimized with the Yoast SEO plugin v25.5 - https:\/\/yoast.com\/wordpress\/plugins\/seo\/ -->\n<title>M\u00f4j \u00fa\u010det - Monarchio<\/title>\n<meta name=\"robots\" content=\"index, follow, max-snippet:-1, max-image-preview:large, max-video-preview:-1\" \/>\n<link rel=\"canonical\" href=\"https:\/\/monarchio.com\/sk\/moj-ucet\/\" \/>\n<meta property=\"og:locale\" content=\"sk_SK\" \/>\n<meta property=\"og:type\" content=\"article\" \/>\n<meta property=\"og:title\" content=\"M\u00f4j \u00fa\u010det - Monarchio\" \/>\n<meta property=\"og:url\" content=\"https:\/\/monarchio.com\/sk\/moj-ucet\/\" \/>\n<meta property=\"og:site_name\" content=\"Monarchio\" \/>\n<meta property=\"article:modified_time\" content=\"2024-07-23T09:36:59+00:00\" \/>\n<meta name=\"twitter:card\" content=\"summary_large_image\" \/>\n<script type=\"application\/ld+json\" class=\"yoast-schema-graph\">{\"@context\":\"https:\/\/schema.org\",\"@graph\":[{\"@type\":\"WebPage\",\"@id\":\"https:\/\/monarchio.com\/sk\/moj-ucet\/\",\"url\":\"https:\/\/monarchio.com\/sk\/moj-ucet\/\",\"name\":\"M\u00f4j \u00fa\u010det - Monarchio\",\"isPartOf\":{\"@id\":\"https:\/\/monarchio.com\/sk\/#website\"},\"datePublished\":\"2023-10-25T13:10:08+00:00\",\"dateModified\":\"2024-07-23T09:36:59+00:00\",\"breadcrumb\":{\"@id\":\"https:\/\/monarchio.com\/sk\/moj-ucet\/#breadcrumb\"},\"inLanguage\":\"sk-SK\",\"potentialAction\":[{\"@type\":\"ReadAction\",\"target\":[\"https:\/\/monarchio.com\/sk\/moj-ucet\/\"]}]},{\"@type\":\"BreadcrumbList\",\"@id\":\"https:\/\/monarchio.com\/sk\/moj-ucet\/#breadcrumb\",\"itemListElement\":[{\"@type\":\"ListItem\",\"position\":1,\"name\":\"Home\",\"item\":\"https:\/\/monarchio.com\/sk\/domov\/\"},{\"@type\":\"ListItem\",\"position\":2,\"name\":\"M\u00f4j \u00fa\u010det\"}]},{\"@type\":\"WebSite\",\"@id\":\"https:\/\/monarchio.com\/sk\/#website\",\"url\":\"https:\/\/monarchio.com\/sk\/\",\"name\":\"Monarchio\",\"description\":\"Royal petit care\",\"publisher\":{\"@id\":\"https:\/\/monarchio.com\/sk\/#organization\"},\"potentialAction\":[{\"@type\":\"SearchAction\",\"target\":{\"@type\":\"EntryPoint\",\"urlTemplate\":\"https:\/\/monarchio.com\/sk\/?s={search_term_string}\"},\"query-input\":{\"@type\":\"PropertyValueSpecification\",\"valueRequired\":true,\"valueName\":\"search_term_string\"}}],\"inLanguage\":\"sk-SK\"},{\"@type\":\"Organization\",\"@id\":\"https:\/\/monarchio.com\/sk\/#organization\",\"name\":\"Monarchio\",\"url\":\"https:\/\/monarchio.com\/sk\/\",\"logo\":{\"@type\":\"ImageObject\",\"inLanguage\":\"sk-SK\",\"@id\":\"https:\/\/monarchio.com\/sk\/#\/schema\/logo\/image\/\",\"url\":\"https:\/\/monarchio.com\/wp-content\/uploads\/2023\/10\/logo-white.svg\",\"contentUrl\":\"https:\/\/monarchio.com\/wp-content\/uploads\/2023\/10\/logo-white.svg\",\"width\":818,\"height\":433,\"caption\":\"Monarchio\"},\"image\":{\"@id\":\"https:\/\/monarchio.com\/sk\/#\/schema\/logo\/image\/\"}}]}<\/script>\n<!-- \/ Yoast SEO plugin. -->","yoast_head_json":{"title":"M\u00f4j \u00fa\u010det - Monarchio","robots":{"index":"index","follow":"follow","max-snippet":"max-snippet:-1","max-image-preview":"max-image-preview:large","max-video-preview":"max-video-preview:-1"},"canonical":"https:\/\/monarchio.com\/sk\/moj-ucet\/","og_locale":"sk_SK","og_type":"article","og_title":"M\u00f4j \u00fa\u010det - Monarchio","og_url":"https:\/\/monarchio.com\/sk\/moj-ucet\/","og_site_name":"Monarchio","article_modified_time":"2024-07-23T09:36:59+00:00","twitter_card":"summary_large_image","schema":{"@context":"https:\/\/schema.org","@graph":[{"@type":"WebPage","@id":"https:\/\/monarchio.com\/sk\/moj-ucet\/","url":"https:\/\/monarchio.com\/sk\/moj-ucet\/","name":"M\u00f4j \u00fa\u010det - Monarchio","isPartOf":{"@id":"https:\/\/monarchio.com\/sk\/#website"},"datePublished":"2023-10-25T13:10:08+00:00","dateModified":"2024-07-23T09:36:59+00:00","breadcrumb":{"@id":"https:\/\/monarchio.com\/sk\/moj-ucet\/#breadcrumb"},"inLanguage":"sk-SK","potentialAction":[{"@type":"ReadAction","target":["https:\/\/monarchio.com\/sk\/moj-ucet\/"]}]},{"@type":"BreadcrumbList","@id":"https:\/\/monarchio.com\/sk\/moj-ucet\/#breadcrumb","itemListElement":[{"@type":"ListItem","position":1,"name":"Home","item":"https:\/\/monarchio.com\/sk\/domov\/"},{"@type":"ListItem","position":2,"name":"M\u00f4j \u00fa\u010det"}]},{"@type":"WebSite","@id":"https:\/\/monarchio.com\/sk\/#website","url":"https:\/\/monarchio.com\/sk\/","name":"Monarchio","description":"Royal petit care","publisher":{"@id":"https:\/\/monarchio.com\/sk\/#organization"},"potentialAction":[{"@type":"SearchAction","target":{"@type":"EntryPoint","urlTemplate":"https:\/\/monarchio.com\/sk\/?s={search_term_string}"},"query-input":{"@type":"PropertyValueSpecification","valueRequired":true,"valueName":"search_term_string"}}],"inLanguage":"sk-SK"},{"@type":"Organization","@id":"https:\/\/monarchio.com\/sk\/#organization","name":"Monarchio","url":"https:\/\/monarchio.com\/sk\/","logo":{"@type":"ImageObject","inLanguage":"sk-SK","@id":"https:\/\/monarchio.com\/sk\/#\/schema\/logo\/image\/","url":"https:\/\/monarchio.com\/wp-content\/uploads\/2023\/10\/logo-white.svg","contentUrl":"https:\/\/monarchio.com\/wp-content\/uploads\/2023\/10\/logo-white.svg","width":818,"height":433,"caption":"Monarchio"},"image":{"@id":"https:\/\/monarchio.com\/sk\/#\/schema\/logo\/image\/"}}]}},"_links":{"self":[{"href":"https:\/\/monarchio.com\/sk\/wp-json\/wp\/v2\/pages\/1983","targetHints":{"allow":["GET"]}}],"collection":[{"href":"https:\/\/monarchio.com\/sk\/wp-json\/wp\/v2\/pages"}],"about":[{"href":"https:\/\/monarchio.com\/sk\/wp-json\/wp\/v2\/types\/page"}],"author":[{"embeddable":true,"href":"https:\/\/monarchio.com\/sk\/wp-json\/wp\/v2\/users\/1"}],"replies":[{"embeddable":true,"href":"https:\/\/monarchio.com\/sk\/wp-json\/wp\/v2\/comments?post=1983"}],"version-history":[{"count":1,"href":"https:\/\/monarchio.com\/sk\/wp-json\/wp\/v2\/pages\/1983\/revisions"}],"predecessor-version":[{"id":2385,"href":"https:\/\/monarchio.com\/sk\/wp-json\/wp\/v2\/pages\/1983\/revisions\/2385"}],"wp:attachment":[{"href":"https:\/\/monarchio.com\/sk\/wp-json\/wp\/v2\/media?parent=1983"}],"curies":[{"name":"wp","href":"https:\/\/api.w.org\/{rel}","templated":true}]}}